{"id":1240,"date":"2025-11-06T10:06:36","date_gmt":"2025-11-06T13:06:36","guid":{"rendered":"https:\/\/brasilinogomesadv.com.br\/?page_id=1240"},"modified":"2025-11-14T17:43:10","modified_gmt":"2025-11-14T20:43:10","slug":"profissionais","status":"publish","type":"page","link":"https:\/\/brasilinogomesadv.com.br\/index.php\/profissionais\/","title":{"rendered":"Profissionais"},"content":{"rendered":"\t\t<div data-elementor-type=\"wp-post\" data-elementor-id=\"1240\" class=\"elementor elementor-1240\" data-elementor-post-type=\"page\">\n\t\t\t\t<div class=\"elementor-element elementor-element-48e34ad e-flex e-con-boxed e-con e-parent\" data-id=\"48e34ad\" data-element_type=\"container\" data-e-type=\"container\" data-settings=\"{&quot;background_background&quot;:&quot;classic&quot;}\">\n\t\t\t\t\t<div class=\"e-con-inner\">\n\t\t<div class=\"elementor-element elementor-element-3e0b5834 e-con-full e-flex e-con e-child\" data-id=\"3e0b5834\" data-element_type=\"container\" data-e-type=\"container\">\n\t\t\t\t<div class=\"elementor-element elementor-element-20e4cae9 elementor-headline--style-rotate elementor-widget elementor-widget-animated-headline\" data-id=\"20e4cae9\" data-element_type=\"widget\" data-e-type=\"widget\" data-settings=\"{&quot;headline_style&quot;:&quot;rotate&quot;,&quot;animation_type&quot;:&quot;slide&quot;,&quot;loop&quot;:&quot;yes&quot;,&quot;rotate_iteration_delay&quot;:2500}\" data-widget_type=\"animated-headline.default\">\n\t\t\t\t<div class=\"elementor-widget-container\">\n\t\t\t\t\t\t\t<h3 class=\"elementor-headline elementor-headline-animation-type-slide\">\n\t\t\t\t\t<span class=\"elementor-headline-plain-text elementor-headline-text-wrapper\">Profissionais<\/span>\n\t\t\t\t<span class=\"elementor-headline-dynamic-wrapper elementor-headline-text-wrapper\">\n\t\t\t\t<\/span>\n\t\t\t\t<\/h3>\n\t\t\t\t\t\t<\/div>\n\t\t\t\t<\/div>\n\t\t\t\t<div class=\"elementor-element elementor-element-74688328 elementor-align-left elementor-mobile-align-center elementor-widget elementor-widget-button\" data-id=\"74688328\" data-element_type=\"widget\" data-e-type=\"widget\" data-widget_type=\"button.default\">\n\t\t\t\t<div class=\"elementor-widget-container\">\n\t\t\t\t\t\t\t\t\t<div class=\"elementor-button-wrapper\">\n\t\t\t\t\t<a class=\"elementor-button elementor-button-link elementor-size-lg\" href=\"https:\/\/greenyellow-badger-193744.hostingersite.com\/index.php\/contato\/\">\n\t\t\t\t\t\t<span class=\"elementor-button-content-wrapper\">\n\t\t\t\t\t\t\t\t\t<span class=\"elementor-button-text\">ENTRE EM CONTATO CONOSCO<\/span>\n\t\t\t\t\t<\/span>\n\t\t\t\t\t<\/a>\n\t\t\t\t<\/div>\n\t\t\t\t\t\t\t\t<\/div>\n\t\t\t\t<\/div>\n\t\t\t\t<\/div>\n\t\t\t\t\t<\/div>\n\t\t\t\t<\/div>\n\t\t<div class=\"elementor-element elementor-element-c640756 e-flex e-con-boxed e-con e-parent\" data-id=\"c640756\" data-element_type=\"container\" data-e-type=\"container\" data-settings=\"{&quot;background_background&quot;:&quot;classic&quot;}\">\n\t\t\t\t\t<div class=\"e-con-inner\">\n\t\t<div class=\"elementor-element elementor-element-40ecb16 e-con-full e-flex e-con e-child\" data-id=\"40ecb16\" data-element_type=\"container\" data-e-type=\"container\">\n\t\t\t\t<div class=\"elementor-element elementor-element-56189da elementor-widget__width-initial elementor-widget elementor-widget-heading\" data-id=\"56189da\" data-element_type=\"widget\" data-e-type=\"widget\" data-widget_type=\"heading.default\">\n\t\t\t\t<div class=\"elementor-widget-container\">\n\t\t\t\t\t<h2 class=\"elementor-heading-title elementor-size-default\">Dra. Viviane Gomes<\/h2>\t\t\t\t<\/div>\n\t\t\t\t<\/div>\n\t\t\t\t<div class=\"elementor-element elementor-element-1663621 elementor-widget__width-initial elementor-widget elementor-widget-heading\" data-id=\"1663621\" data-element_type=\"widget\" data-e-type=\"widget\" data-widget_type=\"heading.default\">\n\t\t\t\t<div class=\"elementor-widget-container\">\n\t\t\t\t\t<h2 class=\"elementor-heading-title elementor-size-default\">Sou s\u00f3cia do escrit\u00f3rio Brasilino &amp; Gomes Advocacia, formada pela Universidade S\u00e3o Judas Tadeu e p\u00f3s-graduada em Direito e Processo do Trabalho. Possuo s\u00f3lida experi\u00eancia na \u00e1rea trabalhista e expertise em Assessoria Jur\u00eddica Estrat\u00e9gica para Empresas, atuando com foco na preven\u00e7\u00e3o de riscos, fortalecimento das rela\u00e7\u00f5es corporativas e redu\u00e7\u00e3o do passivo trabalhista.\n<\/h2>\t\t\t\t<\/div>\n\t\t\t\t<\/div>\n\t\t\t\t<div class=\"elementor-element elementor-element-36cc921 elementor-align-left elementor-mobile-align-center elementor-widget elementor-widget-button\" data-id=\"36cc921\" data-element_type=\"widget\" data-e-type=\"widget\" data-widget_type=\"button.default\">\n\t\t\t\t<div class=\"elementor-widget-container\">\n\t\t\t\t\t\t\t\t\t<div class=\"elementor-button-wrapper\">\n\t\t\t\t\t<a class=\"elementor-button elementor-button-link elementor-size-lg\" href=\"https:\/\/wa.me\/5511969311818?text=Ol%C3%A1%20Gostaria%20de%20Falar%20com%20um%20Especialista\">\n\t\t\t\t\t\t<span class=\"elementor-button-content-wrapper\">\n\t\t\t\t\t\t<span class=\"elementor-button-icon\">\n\t\t\t\t<i aria-hidden=\"true\" class=\"fab fa-whatsapp\"><\/i>\t\t\t<\/span>\n\t\t\t\t\t\t\t\t\t<span class=\"elementor-button-text\">FALE AGORA NO WHATSAPP<\/span>\n\t\t\t\t\t<\/span>\n\t\t\t\t\t<\/a>\n\t\t\t\t<\/div>\n\t\t\t\t\t\t\t\t<\/div>\n\t\t\t\t<\/div>\n\t\t\t\t<\/div>\n\t\t<div class=\"elementor-element elementor-element-60499af e-con-full e-flex e-con e-child\" data-id=\"60499af\" data-element_type=\"container\" data-e-type=\"container\">\n\t\t\t\t<div class=\"elementor-element elementor-element-a43f15e elementor-widget elementor-widget-image\" data-id=\"a43f15e\" data-element_type=\"widget\" data-e-type=\"widget\" data-widget_type=\"image.default\">\n\t\t\t\t<div class=\"elementor-widget-container\">\n\t\t\t\t\t\t\t\t\t\t\t\t\t\t\t<img decoding=\"async\" src=\"https:\/\/brasilinogomesadv.com.br\/wp-content\/uploads\/elementor\/thumbs\/Imagem-do-WhatsApp-de-2025-10-31-as-17.51.08_cd86a160-re18pahxz1eq5wjp8qtncmveuefa1bajaaiziz92bk.jpg\" title=\"Imagem do WhatsApp de 2025-10-31 \u00e0(s) 17.51.08_cd86a160\" alt=\"Imagem do WhatsApp de 2025-10-31 \u00e0(s) 17.51.08_cd86a160\" loading=\"lazy\" \/>\t\t\t\t\t\t\t\t\t\t\t\t\t\t\t<\/div>\n\t\t\t\t<\/div>\n\t\t\t\t<\/div>\n\t\t\t\t\t<\/div>\n\t\t\t\t<\/div>\n\t\t<div class=\"elementor-element elementor-element-3b5ccd9 e-flex e-con-boxed e-con e-parent\" data-id=\"3b5ccd9\" data-element_type=\"container\" data-e-type=\"container\" data-settings=\"{&quot;background_background&quot;:&quot;classic&quot;}\">\n\t\t\t\t\t<div class=\"e-con-inner\">\n\t\t<div class=\"elementor-element elementor-element-00f4101 e-con-full e-flex e-con e-child\" data-id=\"00f4101\" data-element_type=\"container\" data-e-type=\"container\">\n\t\t\t\t<div class=\"elementor-element elementor-element-7d379c8 elementor-widget__width-initial elementor-widget elementor-widget-heading\" data-id=\"7d379c8\" data-element_type=\"widget\" data-e-type=\"widget\" data-widget_type=\"heading.default\">\n\t\t\t\t<div class=\"elementor-widget-container\">\n\t\t\t\t\t<h2 class=\"elementor-heading-title elementor-size-default\">Dra. Keyla Brasilino<\/h2>\t\t\t\t<\/div>\n\t\t\t\t<\/div>\n\t\t\t\t<div class=\"elementor-element elementor-element-30f2ea9 elementor-widget__width-initial elementor-widget elementor-widget-heading\" data-id=\"30f2ea9\" data-element_type=\"widget\" data-e-type=\"widget\" data-widget_type=\"heading.default\">\n\t\t\t\t<div class=\"elementor-widget-container\">\n\t\t\t\t\t<h2 class=\"elementor-heading-title elementor-size-default\">Sou s\u00f3cia do escrit\u00f3rio Brasilino &amp; Gomes Advocacia, formada pela Universidade S\u00e3o Judas Tadeu e p\u00f3s-graduada em Direito Empresarial, Direito Contratual e Direito Processual Civil. Possuo expertise nas \u00e1reas de Propriedade Intelectual e Assessoria Jur\u00eddica Estrat\u00e9gica para Empresas, atuando com foco na preven\u00e7\u00e3o de riscos e no fortalecimento das rela\u00e7\u00f5es corporativas.<\/h2>\t\t\t\t<\/div>\n\t\t\t\t<\/div>\n\t\t\t\t<div class=\"elementor-element elementor-element-30944f6 elementor-align-left elementor-mobile-align-center elementor-widget elementor-widget-button\" data-id=\"30944f6\" data-element_type=\"widget\" data-e-type=\"widget\" data-widget_type=\"button.default\">\n\t\t\t\t<div class=\"elementor-widget-container\">\n\t\t\t\t\t\t\t\t\t<div class=\"elementor-button-wrapper\">\n\t\t\t\t\t<a class=\"elementor-button elementor-button-link elementor-size-lg\" href=\"https:\/\/wa.me\/5511969311818?text=Ol%C3%A1%20Gostaria%20de%20Falar%20com%20um%20Especialista\">\n\t\t\t\t\t\t<span class=\"elementor-button-content-wrapper\">\n\t\t\t\t\t\t<span class=\"elementor-button-icon\">\n\t\t\t\t<i aria-hidden=\"true\" class=\"fab fa-whatsapp\"><\/i>\t\t\t<\/span>\n\t\t\t\t\t\t\t\t\t<span class=\"elementor-button-text\">FALE AGORA NO WHATSAPP<\/span>\n\t\t\t\t\t<\/span>\n\t\t\t\t\t<\/a>\n\t\t\t\t<\/div>\n\t\t\t\t\t\t\t\t<\/div>\n\t\t\t\t<\/div>\n\t\t\t\t<\/div>\n\t\t<div class=\"elementor-element elementor-element-24f4254 e-con-full e-flex e-con e-child\" data-id=\"24f4254\" data-element_type=\"container\" data-e-type=\"container\">\n\t\t\t\t<div class=\"elementor-element elementor-element-8826ef3 elementor-widget elementor-widget-image\" data-id=\"8826ef3\" data-element_type=\"widget\" data-e-type=\"widget\" data-widget_type=\"image.default\">\n\t\t\t\t<div class=\"elementor-widget-container\">\n\t\t\t\t\t\t\t\t\t\t\t\t\t\t\t<img decoding=\"async\" src=\"https:\/\/brasilinogomesadv.com.br\/wp-content\/uploads\/elementor\/thumbs\/Imagem-do-WhatsApp-de-2025-10-31-as-17.51.07_977e6fdf-re18pbfs5vg0hiic3989x4mvfsan90e9mf6h097o5c.jpg\" title=\"Imagem do WhatsApp de 2025-10-31 \u00e0(s) 17.51.07_977e6fdf\" alt=\"Imagem do WhatsApp de 2025-10-31 \u00e0(s) 17.51.07_977e6fdf\" loading=\"lazy\" \/>\t\t\t\t\t\t\t\t\t\t\t\t\t\t\t<\/div>\n\t\t\t\t<\/div>\n\t\t\t\t<\/div>\n\t\t\t\t\t<\/div>\n\t\t\t\t<\/div>\n\t\t\t\t<\/div>\n\t\t","protected":false},"excerpt":{"rendered":"<p>Profissionais ENTRE EM CONTATO CONOSCO Dra. Viviane Gomes Sou s\u00f3cia do escrit\u00f3rio Brasilino &amp; Gomes Advocacia, formada pela Universidade S\u00e3o Judas Tadeu e p\u00f3s-graduada em Direito e Processo do Trabalho. Possuo s\u00f3lida experi\u00eancia na \u00e1rea trabalhista e expertise em Assessoria Jur\u00eddica Estrat\u00e9gica para Empresas, atuando com foco na preven\u00e7\u00e3o de riscos, fortalecimento das rela\u00e7\u00f5es corporativas&hellip; <a class=\"more-link\" href=\"https:\/\/brasilinogomesadv.com.br\/index.php\/profissionais\/\">Continuar lendo <span class=\"screen-reader-text\">Profissionais<\/span><\/a><\/p>\n","protected":false},"author":2,"featured_media":0,"parent":0,"menu_order":0,"comment_status":"closed","ping_status":"closed","template":"elementor_header_footer","meta":{"footnotes":""},"class_list":["post-1240","page","type-page","status-publish","hentry","entry"],"_links":{"self":[{"href":"https:\/\/brasilinogomesadv.com.br\/index.php\/wp-json\/wp\/v2\/pages\/1240","targetHints":{"allow":["GET"]}}],"collection":[{"href":"https:\/\/brasilinogomesadv.com.br\/index.php\/wp-json\/wp\/v2\/pages"}],"about":[{"href":"https:\/\/brasilinogomesadv.com.br\/index.php\/wp-json\/wp\/v2\/types\/page"}],"author":[{"embeddable":true,"href":"https:\/\/brasilinogomesadv.com.br\/index.php\/wp-json\/wp\/v2\/users\/2"}],"replies":[{"embeddable":true,"href":"https:\/\/brasilinogomesadv.com.br\/index.php\/wp-json\/wp\/v2\/comments?post=1240"}],"version-history":[{"count":10,"href":"https:\/\/brasilinogomesadv.com.br\/index.php\/wp-json\/wp\/v2\/pages\/1240\/revisions"}],"predecessor-version":[{"id":1402,"href":"https:\/\/brasilinogomesadv.com.br\/index.php\/wp-json\/wp\/v2\/pages\/1240\/revisions\/1402"}],"wp:attachment":[{"href":"https:\/\/brasilinogomesadv.com.br\/index.php\/wp-json\/wp\/v2\/media?parent=1240"}],"curies":[{"name":"wp","href":"https:\/\/api.w.org\/{rel}","templated":true}]}}