{"id":186,"date":"2024-04-29T04:51:18","date_gmt":"2024-04-29T07:51:18","guid":{"rendered":"https:\/\/greenyellow-badger-193744.hostingersite.com\/?page_id=186"},"modified":"2025-11-06T14:51:52","modified_gmt":"2025-11-06T17:51:52","slug":"sobre","status":"publish","type":"page","link":"https:\/\/brasilinogomesadv.com.br\/index.php\/sobre\/","title":{"rendered":"Sobre"},"content":{"rendered":"\t\t<div data-elementor-type=\"wp-post\" data-elementor-id=\"186\" class=\"elementor elementor-186\" data-elementor-post-type=\"page\">\n\t\t\t\t<div class=\"elementor-element elementor-element-48e34ad e-flex e-con-boxed e-con e-parent\" data-id=\"48e34ad\" data-element_type=\"container\" data-e-type=\"container\" data-settings=\"{&quot;background_background&quot;:&quot;classic&quot;}\">\n\t\t\t\t\t<div class=\"e-con-inner\">\n\t\t<div class=\"elementor-element elementor-element-3e0b5834 e-con-full e-flex e-con e-child\" data-id=\"3e0b5834\" data-element_type=\"container\" data-e-type=\"container\">\n\t\t\t\t<div class=\"elementor-element elementor-element-20e4cae9 elementor-headline--style-rotate elementor-widget elementor-widget-animated-headline\" data-id=\"20e4cae9\" data-element_type=\"widget\" data-e-type=\"widget\" data-settings=\"{&quot;headline_style&quot;:&quot;rotate&quot;,&quot;animation_type&quot;:&quot;slide&quot;,&quot;loop&quot;:&quot;yes&quot;,&quot;rotate_iteration_delay&quot;:2500}\" data-widget_type=\"animated-headline.default\">\n\t\t\t\t<div class=\"elementor-widget-container\">\n\t\t\t\t\t\t\t<h3 class=\"elementor-headline elementor-headline-animation-type-slide\">\n\t\t\t\t\t<span class=\"elementor-headline-plain-text elementor-headline-text-wrapper\">Sobre n\u00f3s<\/span>\n\t\t\t\t<span class=\"elementor-headline-dynamic-wrapper elementor-headline-text-wrapper\">\n\t\t\t\t<\/span>\n\t\t\t\t<\/h3>\n\t\t\t\t\t\t<\/div>\n\t\t\t\t<\/div>\n\t\t\t\t<div class=\"elementor-element elementor-element-74688328 elementor-align-left elementor-mobile-align-center elementor-widget elementor-widget-button\" data-id=\"74688328\" data-element_type=\"widget\" data-e-type=\"widget\" data-widget_type=\"button.default\">\n\t\t\t\t<div class=\"elementor-widget-container\">\n\t\t\t\t\t\t\t\t\t<div class=\"elementor-button-wrapper\">\n\t\t\t\t\t<a class=\"elementor-button elementor-button-link elementor-size-lg\" href=\"https:\/\/greenyellow-badger-193744.hostingersite.com\/index.php\/contato\/\">\n\t\t\t\t\t\t<span class=\"elementor-button-content-wrapper\">\n\t\t\t\t\t\t\t\t\t<span class=\"elementor-button-text\">ENTRE EM CONTATO CONOSCO<\/span>\n\t\t\t\t\t<\/span>\n\t\t\t\t\t<\/a>\n\t\t\t\t<\/div>\n\t\t\t\t\t\t\t\t<\/div>\n\t\t\t\t<\/div>\n\t\t\t\t<\/div>\n\t\t\t\t\t<\/div>\n\t\t\t\t<\/div>\n\t\t<div class=\"elementor-element elementor-element-8247150 e-flex e-con-boxed e-con e-parent\" data-id=\"8247150\" data-element_type=\"container\" data-e-type=\"container\" data-settings=\"{&quot;background_background&quot;:&quot;classic&quot;}\">\n\t\t\t\t\t<div class=\"e-con-inner\">\n\t\t<div class=\"elementor-element elementor-element-8abae09 e-con-full e-flex e-con e-child\" data-id=\"8abae09\" data-element_type=\"container\" data-e-type=\"container\">\n\t\t\t\t<div class=\"elementor-element elementor-element-f5a9aff elementor-widget__width-initial elementor-widget elementor-widget-heading\" data-id=\"f5a9aff\" data-element_type=\"widget\" data-e-type=\"widget\" data-widget_type=\"heading.default\">\n\t\t\t\t<div class=\"elementor-widget-container\">\n\t\t\t\t\t<h2 class=\"elementor-heading-title elementor-size-default\">Nosso Escrit\u00f3rio<\/h2>\t\t\t\t<\/div>\n\t\t\t\t<\/div>\n\t\t\t\t<div class=\"elementor-element elementor-element-2db64ca elementor-widget__width-initial elementor-widget elementor-widget-heading\" data-id=\"2db64ca\" data-element_type=\"widget\" data-e-type=\"widget\" data-widget_type=\"heading.default\">\n\t\t\t\t<div class=\"elementor-widget-container\">\n\t\t\t\t\t<h2 class=\"elementor-heading-title elementor-size-default\">O Brasilino &amp; Gomes Advocacia nasceu em 2021, fundado por duas empreendedoras determinadas a crescer e transformar o mercado jur\u00eddico. Desde ent\u00e3o, o escrit\u00f3rio j\u00e1 atendeu e auxiliou mais de 200 clientes, todos com excelentes experi\u00eancias e resultados.<br><br>\n\nAtuamos nas \u00e1reas Trabalhista, Empresarial e de Propriedade Intelectual, oferecendo uma atua\u00e7\u00e3o completa e estrat\u00e9gica. Contamos com especialistas nas mais diversas \u00e1reas do Direito, garantindo ao cliente uma experi\u00eancia jur\u00eddica ampla, eficaz e personalizada.<br><br>\n\nNosso prop\u00f3sito \u00e9 prevenir riscos, solucionar conflitos e impulsionar o crescimento dos nossos clientes, com \u00e9tica, excel\u00eancia e confian\u00e7a em cada resultado.<br><br>\n\nBrasilino &amp; Gomes Advocacia \u2014 Transformamos desafios em crescimento.<\/h2>\t\t\t\t<\/div>\n\t\t\t\t<\/div>\n\t\t\t\t<div class=\"elementor-element elementor-element-f28eb25 elementor-align-left elementor-mobile-align-center elementor-widget elementor-widget-button\" data-id=\"f28eb25\" data-element_type=\"widget\" data-e-type=\"widget\" data-widget_type=\"button.default\">\n\t\t\t\t<div class=\"elementor-widget-container\">\n\t\t\t\t\t\t\t\t\t<div class=\"elementor-button-wrapper\">\n\t\t\t\t\t<a class=\"elementor-button elementor-button-link elementor-size-lg\" href=\"https:\/\/wa.me\/5511969311818?text=Ol%C3%A1%20Gostaria%20de%20Falar%20com%20um%20Especialista\">\n\t\t\t\t\t\t<span class=\"elementor-button-content-wrapper\">\n\t\t\t\t\t\t<span class=\"elementor-button-icon\">\n\t\t\t\t<i aria-hidden=\"true\" class=\"fab fa-whatsapp\"><\/i>\t\t\t<\/span>\n\t\t\t\t\t\t\t\t\t<span class=\"elementor-button-text\">FALE AGORA NO WHATSAPP<\/span>\n\t\t\t\t\t<\/span>\n\t\t\t\t\t<\/a>\n\t\t\t\t<\/div>\n\t\t\t\t\t\t\t\t<\/div>\n\t\t\t\t<\/div>\n\t\t\t\t<\/div>\n\t\t<div class=\"elementor-element elementor-element-ffeb924 e-con-full e-flex e-con e-child\" data-id=\"ffeb924\" data-element_type=\"container\" data-e-type=\"container\">\n\t\t\t\t<div class=\"elementor-element elementor-element-5794ccb elementor-widget elementor-widget-image\" data-id=\"5794ccb\" data-element_type=\"widget\" data-e-type=\"widget\" data-widget_type=\"image.default\">\n\t\t\t\t<div class=\"elementor-widget-container\">\n\t\t\t\t\t\t\t\t\t\t\t\t\t\t\t<img decoding=\"async\" src=\"https:\/\/brasilinogomesadv.com.br\/wp-content\/uploads\/elementor\/thumbs\/FOTO_199-rbb7xmk9sqe4wr7rsw5jp1sciv3onujgftlifo3hhc.jpg\" title=\"FOTO_199.jpg\" alt=\"FOTO_199.jpg\" loading=\"lazy\" \/>\t\t\t\t\t\t\t\t\t\t\t\t\t\t\t<\/div>\n\t\t\t\t<\/div>\n\t\t\t\t<\/div>\n\t\t\t\t\t<\/div>\n\t\t\t\t<\/div>\n\t\t\t\t<\/div>\n\t\t","protected":false},"excerpt":{"rendered":"<p>Sobre n\u00f3s ENTRE EM CONTATO CONOSCO Nosso Escrit\u00f3rio O Brasilino &amp; Gomes Advocacia nasceu em 2021, fundado por duas empreendedoras determinadas a crescer e transformar o mercado jur\u00eddico. Desde ent\u00e3o, o escrit\u00f3rio j\u00e1 atendeu e auxiliou mais de 200 clientes, todos com excelentes experi\u00eancias e resultados. Atuamos nas \u00e1reas Trabalhista, Empresarial e de Propriedade Intelectual,&hellip; <a class=\"more-link\" href=\"https:\/\/brasilinogomesadv.com.br\/index.php\/sobre\/\">Continuar lendo <span class=\"screen-reader-text\">Sobre<\/span><\/a><\/p>\n","protected":false},"author":2,"featured_media":0,"parent":0,"menu_order":0,"comment_status":"closed","ping_status":"closed","template":"elementor_header_footer","meta":{"footnotes":""},"class_list":["post-186","page","type-page","status-publish","hentry","entry"],"_links":{"self":[{"href":"https:\/\/brasilinogomesadv.com.br\/index.php\/wp-json\/wp\/v2\/pages\/186","targetHints":{"allow":["GET"]}}],"collection":[{"href":"https:\/\/brasilinogomesadv.com.br\/index.php\/wp-json\/wp\/v2\/pages"}],"about":[{"href":"https:\/\/brasilinogomesadv.com.br\/index.php\/wp-json\/wp\/v2\/types\/page"}],"author":[{"embeddable":true,"href":"https:\/\/brasilinogomesadv.com.br\/index.php\/wp-json\/wp\/v2\/users\/2"}],"replies":[{"embeddable":true,"href":"https:\/\/brasilinogomesadv.com.br\/index.php\/wp-json\/wp\/v2\/comments?post=186"}],"version-history":[{"count":91,"href":"https:\/\/brasilinogomesadv.com.br\/index.php\/wp-json\/wp\/v2\/pages\/186\/revisions"}],"predecessor-version":[{"id":1322,"href":"https:\/\/brasilinogomesadv.com.br\/index.php\/wp-json\/wp\/v2\/pages\/186\/revisions\/1322"}],"wp:attachment":[{"href":"https:\/\/brasilinogomesadv.com.br\/index.php\/wp-json\/wp\/v2\/media?parent=186"}],"curies":[{"name":"wp","href":"https:\/\/api.w.org\/{rel}","templated":true}]}}